{"id":15,"date":"2020-09-22T16:50:18","date_gmt":"2020-09-22T16:50:18","guid":{"rendered":"https:\/\/brotherhoodvzla.com\/?page_id=15"},"modified":"2021-02-02T19:53:12","modified_gmt":"2021-02-02T23:53:12","slug":"tracking-order","status":"publish","type":"page","link":"https:\/\/brotherhoodvzla.com\/brotherhoodvzla\/sandiego\/tracking-order\/","title":{"rendered":"Tracking Order"},"content":{"rendered":"\t\t<div data-elementor-type=\"wp-page\" data-elementor-id=\"15\" class=\"elementor elementor-15\">\n\t\t\t\t\t\t<section class=\"elementor-section elementor-top-section elementor-element elementor-element-971ea90 elementor-section-boxed elementor-section-height-default elementor-section-height-default\" data-id=\"971ea90\" data-element_type=\"section\" data-e-type=\"section\" data-settings=\"{&quot;background_background&quot;:&quot;classic&quot;}\">\n\t\t\t\t\t\t<div class=\"elementor-container elementor-column-gap-default\">\n\t\t\t\t\t<div class=\"elementor-column elementor-col-100 elementor-top-column elementor-element elementor-element-382abb3\" data-id=\"382abb3\" data-element_type=\"column\" data-e-type=\"column\">\n\t\t\t<div class=\"elementor-widget-wrap elementor-element-populated\">\n\t\t\t\t\t\t<div class=\"elementor-element elementor-element-e054b29 elementor-widget elementor-widget-spacer\" data-id=\"e054b29\" data-element_type=\"widget\" data-e-type=\"widget\" data-widget_type=\"spacer.default\">\n\t\t\t\t<div class=\"elementor-widget-container\">\n\t\t\t\t\t\t\t<div class=\"elementor-spacer\">\n\t\t\t<div class=\"elementor-spacer-inner\"><\/div>\n\t\t<\/div>\n\t\t\t\t\t\t<\/div>\n\t\t\t\t<\/div>\n\t\t\t\t\t<\/div>\n\t\t<\/div>\n\t\t\t\t\t<\/div>\n\t\t<\/section>\n\t\t\t\t<section class=\"elementor-section elementor-top-section elementor-element elementor-element-4f1bf9f elementor-section-boxed elementor-section-height-default elementor-section-height-default\" data-id=\"4f1bf9f\" data-element_type=\"section\" data-e-type=\"section\" data-settings=\"{&quot;background_background&quot;:&quot;classic&quot;}\">\n\t\t\t\t\t\t<div class=\"elementor-container elementor-column-gap-default\">\n\t\t\t\t\t<div class=\"elementor-column elementor-col-50 elementor-top-column elementor-element elementor-element-c343aa3\" data-id=\"c343aa3\" data-element_type=\"column\" data-e-type=\"column\">\n\t\t\t<div class=\"elementor-widget-wrap elementor-element-populated\">\n\t\t\t\t\t\t<div class=\"elementor-element elementor-element-3c20fe8 elementor-widget elementor-widget-image\" data-id=\"3c20fe8\" data-element_type=\"widget\" data-e-type=\"widget\" data-widget_type=\"image.default\">\n\t\t\t\t<div class=\"elementor-widget-container\">\n\t\t\t\t\t\t\t\t\t\t\t\t\t\t\t<img fetchpriority=\"high\" decoding=\"async\" width=\"8779\" height=\"6350\" src=\"https:\/\/brotherhoodvzla.com\/brotherhoodvzla\/sandiego\/wp-content\/uploads\/2020\/11\/Imagotipo-blanco-1.png\" class=\"attachment-full size-full wp-image-41\" alt=\"\" srcset=\"https:\/\/brotherhoodvzla.com\/brotherhoodvzla\/sandiego\/wp-content\/uploads\/2020\/11\/Imagotipo-blanco-1.png 8779w, https:\/\/brotherhoodvzla.com\/brotherhoodvzla\/sandiego\/wp-content\/uploads\/2020\/11\/Imagotipo-blanco-1-300x217.png 300w, https:\/\/brotherhoodvzla.com\/brotherhoodvzla\/sandiego\/wp-content\/uploads\/2020\/11\/Imagotipo-blanco-1-1024x741.png 1024w, https:\/\/brotherhoodvzla.com\/brotherhoodvzla\/sandiego\/wp-content\/uploads\/2020\/11\/Imagotipo-blanco-1-768x556.png 768w, https:\/\/brotherhoodvzla.com\/brotherhoodvzla\/sandiego\/wp-content\/uploads\/2020\/11\/Imagotipo-blanco-1-1536x1111.png 1536w\" sizes=\"(max-width: 8779px) 100vw, 8779px\" \/>\t\t\t\t\t\t\t\t\t\t\t\t\t\t\t<\/div>\n\t\t\t\t<\/div>\n\t\t\t\t\t<\/div>\n\t\t<\/div>\n\t\t\t\t<div class=\"elementor-column elementor-col-50 elementor-top-column elementor-element elementor-element-32e8ff7\" data-id=\"32e8ff7\" data-element_type=\"column\" data-e-type=\"column\">\n\t\t\t<div class=\"elementor-widget-wrap elementor-element-populated\">\n\t\t\t\t\t\t<div class=\"elementor-element elementor-element-f8d036e elementor-widget elementor-widget-text-editor\" data-id=\"f8d036e\" data-element_type=\"widget\" data-e-type=\"widget\" data-widget_type=\"text-editor.default\">\n\t\t\t\t<div class=\"elementor-widget-container\">\n\t\t\t\t\t\t\t\t\t<p>La informaci\u00f3n reflejada en este apartado puede variar de lo conversado con la persona que te atendi\u00f3, puedes comunicarte v\u00eda whatsapp para aclarar dudas.<\/p>\t\t\t\t\t\t\t\t<\/div>\n\t\t\t\t<\/div>\n\t\t\t\t\t<\/div>\n\t\t<\/div>\n\t\t\t\t\t<\/div>\n\t\t<\/section>\n\t\t\t\t<section class=\"elementor-section elementor-top-section elementor-element elementor-element-a1234af elementor-section-boxed elementor-section-height-default elementor-section-height-default\" data-id=\"a1234af\" data-element_type=\"section\" data-e-type=\"section\">\n\t\t\t\t\t\t<div class=\"elementor-container elementor-column-gap-default\">\n\t\t\t\t\t<div class=\"elementor-column elementor-col-100 elementor-top-column elementor-element elementor-element-4385ef6\" data-id=\"4385ef6\" data-element_type=\"column\" data-e-type=\"column\">\n\t\t\t<div class=\"elementor-widget-wrap elementor-element-populated\">\n\t\t\t\t\t\t<div class=\"elementor-element elementor-element-bfc4d6b elementor-widget elementor-widget-shortcode\" data-id=\"bfc4d6b\" data-element_type=\"widget\" data-e-type=\"widget\" data-widget_type=\"shortcode.default\">\n\t\t\t\t<div class=\"elementor-widget-container\">\n\t\t\t\t\t\t\t<div class=\"elementor-shortcode\">El tiempo estimado de espera es de 35\/55 minutos.<\/div>\n\t\t\t\t\t\t<\/div>\n\t\t\t\t<\/div>\n\t\t\t\t\t<\/div>\n\t\t<\/div>\n\t\t\t\t\t<\/div>\n\t\t<\/section>\n\t\t\t\t<section class=\"elementor-section elementor-top-section elementor-element elementor-element-e7730da elementor-section-boxed elementor-section-height-default elementor-section-height-default\" data-id=\"e7730da\" data-element_type=\"section\" data-e-type=\"section\">\n\t\t\t\t\t\t<div class=\"elementor-container elementor-column-gap-default\">\n\t\t\t\t\t<div class=\"elementor-column elementor-col-100 elementor-top-column elementor-element elementor-element-0d383f6\" data-id=\"0d383f6\" data-element_type=\"column\" data-e-type=\"column\">\n\t\t\t<div class=\"elementor-widget-wrap elementor-element-populated\">\n\t\t\t\t\t\t<div class=\"elementor-element elementor-element-c7d91e5 elementor-widget elementor-widget-shortcode\" data-id=\"c7d91e5\" data-element_type=\"widget\" data-e-type=\"widget\" data-widget_type=\"shortcode.default\">\n\t\t\t\t<div class=\"elementor-widget-container\">\n\t\t\t\t\t\t\t<div class=\"elementor-shortcode\"><div class=\"fdm-not-logged\">Lo siento, no tengo \u00f3rdenes para mostrar.<\/div><\/div>\n\t\t\t\t\t\t<\/div>\n\t\t\t\t<\/div>\n\t\t\t\t\t<\/div>\n\t\t<\/div>\n\t\t\t\t\t<\/div>\n\t\t<\/section>\n\t\t\t\t<section class=\"elementor-section elementor-top-section elementor-element elementor-element-7a22bc1 elementor-section-boxed elementor-section-height-default elementor-section-height-default\" data-id=\"7a22bc1\" data-element_type=\"section\" data-e-type=\"section\">\n\t\t\t\t\t\t<div class=\"elementor-container elementor-column-gap-default\">\n\t\t\t\t\t<div class=\"elementor-column elementor-col-100 elementor-top-column elementor-element elementor-element-b211852\" data-id=\"b211852\" data-element_type=\"column\" data-e-type=\"column\">\n\t\t\t<div class=\"elementor-widget-wrap elementor-element-populated\">\n\t\t\t\t\t\t<div class=\"elementor-element elementor-element-254169d elementor-widget elementor-widget-spacer\" data-id=\"254169d\" data-element_type=\"widget\" data-e-type=\"widget\" data-widget_type=\"spacer.default\">\n\t\t\t\t<div class=\"elementor-widget-container\">\n\t\t\t\t\t\t\t<div class=\"elementor-spacer\">\n\t\t\t<div class=\"elementor-spacer-inner\"><\/div>\n\t\t<\/div>\n\t\t\t\t\t\t<\/div>\n\t\t\t\t<\/div>\n\t\t\t\t\t<\/div>\n\t\t<\/div>\n\t\t\t\t\t<\/div>\n\t\t<\/section>\n\t\t\t\t<section class=\"elementor-section elementor-top-section elementor-element elementor-element-5e057ad elementor-section-boxed elementor-section-height-default elementor-section-height-default\" data-id=\"5e057ad\" data-element_type=\"section\" data-e-type=\"section\">\n\t\t\t\t\t\t<div class=\"elementor-container elementor-column-gap-default\">\n\t\t\t\t\t<div class=\"elementor-column elementor-col-100 elementor-top-column elementor-element elementor-element-5fbfa9d\" data-id=\"5fbfa9d\" data-element_type=\"column\" data-e-type=\"column\">\n\t\t\t<div class=\"elementor-widget-wrap elementor-element-populated\">\n\t\t\t\t\t\t<div class=\"elementor-element elementor-element-62b412c elementor-widget elementor-widget-text-editor\" data-id=\"62b412c\" data-element_type=\"widget\" data-e-type=\"widget\" data-widget_type=\"text-editor.default\">\n\t\t\t\t<div class=\"elementor-widget-container\">\n\t\t\t\t\t\t\t\t\t<p>Hecho por <a href=\"https:\/\/flavoo.club\/\" target=\"_blank\" rel=\"noopener\">FLAVOO<\/a> con \u2764\ufe0f desde\u00a0 Chile <a href=\"https:\/\/emojipedia.org\/flag-chile\/\"><span class=\"emoji\">\ud83c\udde8\ud83c\uddf1<\/span><\/a>, Espa\u00f1a \ud83c\uddea\ud83c\uddf8 y Venezuela \ud83c\uddfb\ud83c\uddea\u00a0<\/p>\t\t\t\t\t\t\t\t<\/div>\n\t\t\t\t<\/div>\n\t\t\t\t\t<\/div>\n\t\t<\/div>\n\t\t\t\t\t<\/div>\n\t\t<\/section>\n\t\t\t\t<section class=\"elementor-section elementor-top-section elementor-element elementor-element-063151a elementor-section-boxed elementor-section-height-default elementor-section-height-default\" data-id=\"063151a\" data-element_type=\"section\" data-e-type=\"section\">\n\t\t\t\t\t\t<div class=\"elementor-container elementor-column-gap-default\">\n\t\t\t\t\t<div class=\"elementor-column elementor-col-100 elementor-top-column elementor-element elementor-element-dce7afb\" data-id=\"dce7afb\" data-element_type=\"column\" data-e-type=\"column\">\n\t\t\t<div class=\"elementor-widget-wrap elementor-element-populated\">\n\t\t\t\t\t\t<div class=\"elementor-element elementor-element-eaa0c66 elementor-widget elementor-widget-spacer\" data-id=\"eaa0c66\" data-element_type=\"widget\" data-e-type=\"widget\" data-widget_type=\"spacer.default\">\n\t\t\t\t<div class=\"elementor-widget-container\">\n\t\t\t\t\t\t\t<div class=\"elementor-spacer\">\n\t\t\t<div class=\"elementor-spacer-inner\"><\/div>\n\t\t<\/div>\n\t\t\t\t\t\t<\/div>\n\t\t\t\t<\/div>\n\t\t\t\t\t<\/div>\n\t\t<\/div>\n\t\t\t\t\t<\/div>\n\t\t<\/section>\n\t\t\t\t<\/div>\n\t\t","protected":false},"excerpt":{"rendered":"<p>La informaci\u00f3n reflejada en este apartado puede variar de lo conversado con la persona que te atendi\u00f3, puedes comunicarte v\u00eda whatsapp para aclarar dudas. Hecho por FLAVOO con \u2764\ufe0f desde\u00a0 Chile \ud83c\udde8\ud83c\uddf1, Espa\u00f1a \ud83c\uddea\ud83c\uddf8 y Venezuela \ud83c\uddfb\ud83c\uddea\u00a0<\/p>\n","protected":false},"author":1,"featured_media":0,"parent":0,"menu_order":0,"comment_status":"closed","ping_status":"closed","template":"elementor_canvas","meta":{"footnotes":""},"class_list":["post-15","page","type-page","status-publish","hentry"],"_links":{"self":[{"href":"https:\/\/brotherhoodvzla.com\/brotherhoodvzla\/sandiego\/wp-json\/wp\/v2\/pages\/15","targetHints":{"allow":["GET"]}}],"collection":[{"href":"https:\/\/brotherhoodvzla.com\/brotherhoodvzla\/sandiego\/wp-json\/wp\/v2\/pages"}],"about":[{"href":"https:\/\/brotherhoodvzla.com\/brotherhoodvzla\/sandiego\/wp-json\/wp\/v2\/types\/page"}],"author":[{"embeddable":true,"href":"https:\/\/brotherhoodvzla.com\/brotherhoodvzla\/sandiego\/wp-json\/wp\/v2\/users\/1"}],"replies":[{"embeddable":true,"href":"https:\/\/brotherhoodvzla.com\/brotherhoodvzla\/sandiego\/wp-json\/wp\/v2\/comments?post=15"}],"version-history":[{"count":24,"href":"https:\/\/brotherhoodvzla.com\/brotherhoodvzla\/sandiego\/wp-json\/wp\/v2\/pages\/15\/revisions"}],"predecessor-version":[{"id":1335,"href":"https:\/\/brotherhoodvzla.com\/brotherhoodvzla\/sandiego\/wp-json\/wp\/v2\/pages\/15\/revisions\/1335"}],"wp:attachment":[{"href":"https:\/\/brotherhoodvzla.com\/brotherhoodvzla\/sandiego\/wp-json\/wp\/v2\/media?parent=15"}],"curies":[{"name":"wp","href":"https:\/\/api.w.org\/{rel}","templated":true}]}}